{"id":89,"date":"2025-07-23T18:08:04","date_gmt":"2025-07-23T18:08:04","guid":{"rendered":"https:\/\/vignobles-trejaut.fr\/?page_id=89"},"modified":"2025-07-23T18:15:17","modified_gmt":"2025-07-23T18:15:17","slug":"mention-legale","status":"publish","type":"page","link":"https:\/\/vignobles-trejaut.fr\/index.php\/mention-legale\/","title":{"rendered":"Mention l\u00e9gale"},"content":{"rendered":"<p>[et_pb_section fb_built=\u00a0\u00bb1&Prime; theme_builder_area=\u00a0\u00bbpost_content\u00a0\u00bb _builder_version=\u00a0\u00bb4.27.4&Prime; _module_preset=\u00a0\u00bbdefault\u00a0\u00bb][et_pb_row _builder_version=\u00a0\u00bb4.27.4&Prime; _module_preset=\u00a0\u00bbdefault\u00a0\u00bb theme_builder_area=\u00a0\u00bbpost_content\u00a0\u00bb][et_pb_column _builder_version=\u00a0\u00bb4.27.4&Prime; _module_preset=\u00a0\u00bbdefault\u00a0\u00bb type=\u00a0\u00bb4_4&Prime; theme_builder_area=\u00a0\u00bbpost_content\u00a0\u00bb][et_pb_text _builder_version=\u00a0\u00bb4.27.4&Prime; _module_preset=\u00a0\u00bbdefault\u00a0\u00bb theme_builder_area=\u00a0\u00bbpost_content\u00a0\u00bb hover_enabled=\u00a0\u00bb0&Prime; sticky_enabled=\u00a0\u00bb0&Prime;]<\/p>\n<div class=\"entry-content clearfix\">\n<div class=\"container\">\n<div class=\"vc_row wpb_row vc_row-fluid\">\n<div class=\"wpb_column vc_column_container vc_col-sm-12\">\n<div class=\"vc_column-inner\">\n<div class=\"wpb_wrapper\">\n<div class=\"wpb_text_column wpb_content_element \">\n<div class=\"wpb_wrapper\">\n<h2>Editeur<\/h2>\n<p>Le site www.vignobles-trejaut.fr est \u00e9dit\u00e9 par :<br \/>Vignobles Trejaut<br \/>EARL VIGNOBLES TREJAUT<br \/>R.C.S. : Bordeaux 781 931 845<br \/>T.V.A : FR23432864379<\/p>\n<p><strong>D\u00e9nomination : <\/strong> EXPLOITATION AGRICOLE A RESPONSABILITE LIMITEE VIGNOBLES TREJAUT<br \/><strong>Code Siren : <\/strong> 432864379<br \/><strong>Forme juridique : <\/strong> Soci\u00e9t\u00e9 civile<br \/><strong>Capital : <\/strong> 242 200,00 \u20ac\u00a0<\/p>\n<p>T\u00e9l. 05 56 58 02 43 \u2013 Fax : 05 56 58 04 33<br \/>33480 LISTRAC MEDOC<\/p>\n<p>Directeur de la Publication : M. Tr\u00e9jaut<\/p>\n<h2>H\u00e9bergement<\/h2>\n<p>OVH<br \/>Si\u00e8ge social : 2 rue Kellermann \u2013 59100 Roubaix \u2013 France<br \/>T\u00e9l : 1007<br \/>Site web : www.ovh.com<\/p>\n<h2>Conception et r\u00e9alisation<\/h2>\n<p>Agence ABW33<br \/>T\u00e9l : +33 (0)6 11 08 86 20<br \/>Site web : www.vignobles-trejaut<\/p>\n<\/div>\n<\/div>\n<\/div>\n<\/div>\n<\/div>\n<\/div>\n<\/div>\n<\/div>\n<p>[\/et_pb_text][\/et_pb_column][\/et_pb_row][\/et_pb_section]<\/p>\n","protected":false},"excerpt":{"rendered":"<p>Editeur Le site www.vignobles-trejaut.fr est \u00e9dit\u00e9 par :Vignobles TrejautEARL VIGNOBLES TREJAUTR.C.S. : Bordeaux 781 931 845T.V.A : FR23432864379 D\u00e9nomination : EXPLOITATION AGRICOLE A RESPONSABILITE LIMITEE VIGNOBLES TREJAUTCode Siren : 432864379Forme juridique : Soci\u00e9t\u00e9 civileCapital : 242 200,00 \u20ac\u00a0 T\u00e9l. 05 56 58 02 43 \u2013 Fax : 05 56 58 04 3333480 LISTRAC MEDOC Directeur [&hellip;]<\/p>\n","protected":false},"author":1,"featured_media":0,"parent":0,"menu_order":0,"comment_status":"closed","ping_status":"closed","template":"","meta":{"_et_pb_use_builder":"on","_et_pb_old_content":"","_et_gb_content_width":"","footnotes":""},"class_list":["post-89","page","type-page","status-publish","hentry"],"yoast_head":"<!-- This site is optimized with the Yoast SEO plugin v27.4 - https:\/\/yoast.com\/product\/yoast-seo-wordpress\/ -->\n<title>Mention l\u00e9gale - Vignobles Tr\u00e9jaut<\/title>\n<meta name=\"robots\" content=\"index, follow, max-snippet:-1, max-image-preview:large, max-video-preview:-1\" \/>\n<link rel=\"canonical\" href=\"https:\/\/vignobles-trejaut.fr\/index.php\/mention-legale\/\" \/>\n<meta property=\"og:locale\" content=\"fr_FR\" \/>\n<meta property=\"og:type\" content=\"article\" \/>\n<meta property=\"og:title\" content=\"Mention l\u00e9gale - Vignobles Tr\u00e9jaut\" \/>\n<meta property=\"og:description\" content=\"Editeur Le site www.vignobles-trejaut.fr est \u00e9dit\u00e9 par :Vignobles TrejautEARL VIGNOBLES TREJAUTR.C.S. : Bordeaux 781 931 845T.V.A : FR23432864379 D\u00e9nomination : EXPLOITATION AGRICOLE A RESPONSABILITE LIMITEE VIGNOBLES TREJAUTCode Siren : 432864379Forme juridique : Soci\u00e9t\u00e9 civileCapital : 242 200,00 \u20ac\u00a0 T\u00e9l. 05 56 58 02 43 \u2013 Fax : 05 56 58 04 3333480 LISTRAC MEDOC Directeur [&hellip;]\" \/>\n<meta property=\"og:url\" content=\"https:\/\/vignobles-trejaut.fr\/index.php\/mention-legale\/\" \/>\n<meta property=\"og:site_name\" content=\"Vignobles Tr\u00e9jaut\" \/>\n<meta property=\"article:modified_time\" content=\"2025-07-23T18:15:17+00:00\" \/>\n<meta name=\"twitter:card\" content=\"summary_large_image\" \/>\n<script type=\"application\/ld+json\" class=\"yoast-schema-graph\">{\"@context\":\"https:\\\/\\\/schema.org\",\"@graph\":[{\"@type\":\"WebPage\",\"@id\":\"https:\\\/\\\/vignobles-trejaut.fr\\\/index.php\\\/mention-legale\\\/\",\"url\":\"https:\\\/\\\/vignobles-trejaut.fr\\\/index.php\\\/mention-legale\\\/\",\"name\":\"Mention l\u00e9gale - Vignobles Tr\u00e9jaut\",\"isPartOf\":{\"@id\":\"https:\\\/\\\/vignobles-trejaut.fr\\\/#website\"},\"datePublished\":\"2025-07-23T18:08:04+00:00\",\"dateModified\":\"2025-07-23T18:15:17+00:00\",\"breadcrumb\":{\"@id\":\"https:\\\/\\\/vignobles-trejaut.fr\\\/index.php\\\/mention-legale\\\/#breadcrumb\"},\"inLanguage\":\"fr-FR\",\"potentialAction\":[{\"@type\":\"ReadAction\",\"target\":[\"https:\\\/\\\/vignobles-trejaut.fr\\\/index.php\\\/mention-legale\\\/\"]}]},{\"@type\":\"BreadcrumbList\",\"@id\":\"https:\\\/\\\/vignobles-trejaut.fr\\\/index.php\\\/mention-legale\\\/#breadcrumb\",\"itemListElement\":[{\"@type\":\"ListItem\",\"position\":1,\"name\":\"Accueil\",\"item\":\"https:\\\/\\\/vignobles-trejaut.fr\\\/\"},{\"@type\":\"ListItem\",\"position\":2,\"name\":\"Mention l\u00e9gale\"}]},{\"@type\":\"WebSite\",\"@id\":\"https:\\\/\\\/vignobles-trejaut.fr\\\/#website\",\"url\":\"https:\\\/\\\/vignobles-trejaut.fr\\\/\",\"name\":\"Vignobles Tr\u00e9jaut\",\"description\":\"Au c\u0153ur de l&#039;entre de mer\",\"publisher\":{\"@id\":\"https:\\\/\\\/vignobles-trejaut.fr\\\/#organization\"},\"potentialAction\":[{\"@type\":\"SearchAction\",\"target\":{\"@type\":\"EntryPoint\",\"urlTemplate\":\"https:\\\/\\\/vignobles-trejaut.fr\\\/?s={search_term_string}\"},\"query-input\":{\"@type\":\"PropertyValueSpecification\",\"valueRequired\":true,\"valueName\":\"search_term_string\"}}],\"inLanguage\":\"fr-FR\"},{\"@type\":\"Organization\",\"@id\":\"https:\\\/\\\/vignobles-trejaut.fr\\\/#organization\",\"name\":\"Vignobles Tr\u00e9jaut\",\"alternateName\":\"Vignobles Tr\u00e9jaut\",\"url\":\"https:\\\/\\\/vignobles-trejaut.fr\\\/\",\"logo\":{\"@type\":\"ImageObject\",\"inLanguage\":\"fr-FR\",\"@id\":\"https:\\\/\\\/vignobles-trejaut.fr\\\/#\\\/schema\\\/logo\\\/image\\\/\",\"url\":\"https:\\\/\\\/vignobles-trejaut.fr\\\/wp-content\\\/uploads\\\/2025\\\/07\\\/cropped-logo-vignoble-trefeau.jpg\",\"contentUrl\":\"https:\\\/\\\/vignobles-trejaut.fr\\\/wp-content\\\/uploads\\\/2025\\\/07\\\/cropped-logo-vignoble-trefeau.jpg\",\"width\":512,\"height\":512,\"caption\":\"Vignobles Tr\u00e9jaut\"},\"image\":{\"@id\":\"https:\\\/\\\/vignobles-trejaut.fr\\\/#\\\/schema\\\/logo\\\/image\\\/\"}}]}<\/script>\n<!-- \/ Yoast SEO plugin. -->","yoast_head_json":{"title":"Mention l\u00e9gale - Vignobles Tr\u00e9jaut","robots":{"index":"index","follow":"follow","max-snippet":"max-snippet:-1","max-image-preview":"max-image-preview:large","max-video-preview":"max-video-preview:-1"},"canonical":"https:\/\/vignobles-trejaut.fr\/index.php\/mention-legale\/","og_locale":"fr_FR","og_type":"article","og_title":"Mention l\u00e9gale - Vignobles Tr\u00e9jaut","og_description":"Editeur Le site www.vignobles-trejaut.fr est \u00e9dit\u00e9 par :Vignobles TrejautEARL VIGNOBLES TREJAUTR.C.S. : Bordeaux 781 931 845T.V.A : FR23432864379 D\u00e9nomination : EXPLOITATION AGRICOLE A RESPONSABILITE LIMITEE VIGNOBLES TREJAUTCode Siren : 432864379Forme juridique : Soci\u00e9t\u00e9 civileCapital : 242 200,00 \u20ac\u00a0 T\u00e9l. 05 56 58 02 43 \u2013 Fax : 05 56 58 04 3333480 LISTRAC MEDOC Directeur [&hellip;]","og_url":"https:\/\/vignobles-trejaut.fr\/index.php\/mention-legale\/","og_site_name":"Vignobles Tr\u00e9jaut","article_modified_time":"2025-07-23T18:15:17+00:00","twitter_card":"summary_large_image","schema":{"@context":"https:\/\/schema.org","@graph":[{"@type":"WebPage","@id":"https:\/\/vignobles-trejaut.fr\/index.php\/mention-legale\/","url":"https:\/\/vignobles-trejaut.fr\/index.php\/mention-legale\/","name":"Mention l\u00e9gale - Vignobles Tr\u00e9jaut","isPartOf":{"@id":"https:\/\/vignobles-trejaut.fr\/#website"},"datePublished":"2025-07-23T18:08:04+00:00","dateModified":"2025-07-23T18:15:17+00:00","breadcrumb":{"@id":"https:\/\/vignobles-trejaut.fr\/index.php\/mention-legale\/#breadcrumb"},"inLanguage":"fr-FR","potentialAction":[{"@type":"ReadAction","target":["https:\/\/vignobles-trejaut.fr\/index.php\/mention-legale\/"]}]},{"@type":"BreadcrumbList","@id":"https:\/\/vignobles-trejaut.fr\/index.php\/mention-legale\/#breadcrumb","itemListElement":[{"@type":"ListItem","position":1,"name":"Accueil","item":"https:\/\/vignobles-trejaut.fr\/"},{"@type":"ListItem","position":2,"name":"Mention l\u00e9gale"}]},{"@type":"WebSite","@id":"https:\/\/vignobles-trejaut.fr\/#website","url":"https:\/\/vignobles-trejaut.fr\/","name":"Vignobles Tr\u00e9jaut","description":"Au c\u0153ur de l&#039;entre de mer","publisher":{"@id":"https:\/\/vignobles-trejaut.fr\/#organization"},"potentialAction":[{"@type":"SearchAction","target":{"@type":"EntryPoint","urlTemplate":"https:\/\/vignobles-trejaut.fr\/?s={search_term_string}"},"query-input":{"@type":"PropertyValueSpecification","valueRequired":true,"valueName":"search_term_string"}}],"inLanguage":"fr-FR"},{"@type":"Organization","@id":"https:\/\/vignobles-trejaut.fr\/#organization","name":"Vignobles Tr\u00e9jaut","alternateName":"Vignobles Tr\u00e9jaut","url":"https:\/\/vignobles-trejaut.fr\/","logo":{"@type":"ImageObject","inLanguage":"fr-FR","@id":"https:\/\/vignobles-trejaut.fr\/#\/schema\/logo\/image\/","url":"https:\/\/vignobles-trejaut.fr\/wp-content\/uploads\/2025\/07\/cropped-logo-vignoble-trefeau.jpg","contentUrl":"https:\/\/vignobles-trejaut.fr\/wp-content\/uploads\/2025\/07\/cropped-logo-vignoble-trefeau.jpg","width":512,"height":512,"caption":"Vignobles Tr\u00e9jaut"},"image":{"@id":"https:\/\/vignobles-trejaut.fr\/#\/schema\/logo\/image\/"}}]}},"_links":{"self":[{"href":"https:\/\/vignobles-trejaut.fr\/index.php\/wp-json\/wp\/v2\/pages\/89","targetHints":{"allow":["GET"]}}],"collection":[{"href":"https:\/\/vignobles-trejaut.fr\/index.php\/wp-json\/wp\/v2\/pages"}],"about":[{"href":"https:\/\/vignobles-trejaut.fr\/index.php\/wp-json\/wp\/v2\/types\/page"}],"author":[{"embeddable":true,"href":"https:\/\/vignobles-trejaut.fr\/index.php\/wp-json\/wp\/v2\/users\/1"}],"replies":[{"embeddable":true,"href":"https:\/\/vignobles-trejaut.fr\/index.php\/wp-json\/wp\/v2\/comments?post=89"}],"version-history":[{"count":3,"href":"https:\/\/vignobles-trejaut.fr\/index.php\/wp-json\/wp\/v2\/pages\/89\/revisions"}],"predecessor-version":[{"id":93,"href":"https:\/\/vignobles-trejaut.fr\/index.php\/wp-json\/wp\/v2\/pages\/89\/revisions\/93"}],"wp:attachment":[{"href":"https:\/\/vignobles-trejaut.fr\/index.php\/wp-json\/wp\/v2\/media?parent=89"}],"curies":[{"name":"wp","href":"https:\/\/api.w.org\/{rel}","templated":true}]}}